{"id":26,"date":"2020-06-30T15:58:39","date_gmt":"2020-06-30T15:58:39","guid":{"rendered":"http:\/\/nueva.multirail.es\/?page_id=26"},"modified":"2026-04-28T09:59:34","modified_gmt":"2026-04-28T09:59:34","slug":"la-empresa","status":"publish","type":"page","link":"https:\/\/multirail.es\/en\/la-empresa\/","title":{"rendered":"The Company"},"content":{"rendered":"<div class=\"style-356 style-local-26-c1 position-relative\" data-colibri-id=\"26-c1\">\n<div id=\"about\" class=\"h-section h-section-global-spacing d-flex align-items-lg-center align-items-md-center align-items-center style-649 style-local-26-c2 position-relative\" data-colibri-component=\"section\" data-colibri-id=\"26-c2\">\n<div class=\"h-section-grid-container h-section-boxed-container\">\n<div class=\"h-row-container gutters-row-lg-2 gutters-row-md-2 gutters-row-0 gutters-row-v-lg-2 gutters-row-v-md-2 gutters-row-v-2 style-963 style-local-26-c3 position-relative\" data-colibri-id=\"26-c3\">\n<div class=\"h-row justify-content-lg-center justify-content-md-center justify-content-center align-items-lg-stretch align-items-md-stretch align-items-stretch gutters-col-lg-2 gutters-col-md-2 gutters-col-0 gutters-col-v-lg-2 gutters-col-v-md-2 gutters-col-v-2\">\n<div class=\"h-column h-column-container d-flex h-col-lg-auto h-col-md-auto h-col-auto style-964-outer style-local-26-c4-outer\">\n<div class=\"d-flex h-flex-basis h-column__inner h-px-lg-2 h-px-md-2 h-px-2 v-inner-lg-2 v-inner-md-2 v-inner-2 style-964 style-local-26-c4 position-relative\" data-colibri-id=\"26-c4\">\n<div class=\"w-100 h-y-container h-column__content h-column__v-align flex-basis-100 align-self-lg-start align-self-md-start align-self-start\">\n<div class=\"h-global-transition-all h-heading style-652 style-local-26-c5 position-relative h-element\" data-colibri-id=\"26-c5\">\n<div class=\"h-heading__outer style-652 style-local-26-c5\">\n<h1 class=\"\"><strong>Multirail, S.L.<\/strong><\/h1>\n<\/div>\n<\/div>\n<\/div>\n<\/div>\n<\/div>\n<\/div>\n<\/div>\n<div class=\"h-row-container gutters-row-lg-2 gutters-row-md-2 gutters-row-0 gutters-row-v-lg-2 gutters-row-v-md-2 gutters-row-v-2 style-974 style-local-26-c6 position-relative\" data-colibri-id=\"26-c6\">\n<div class=\"h-row justify-content-lg-center justify-content-md-center justify-content-center align-items-lg-stretch align-items-md-stretch align-items-stretch gutters-col-lg-2 gutters-col-md-2 gutters-col-0 gutters-col-v-lg-2 gutters-col-v-md-2 gutters-col-v-2\">\n<div class=\"h-column h-column-container d-flex h-col-lg-auto h-col-md-auto h-col-auto style-975-outer style-local-26-c7-outer\">\n<div class=\"d-flex h-flex-basis h-column__inner h-px-lg-2 h-px-md-2 h-px-2 v-inner-lg-2 v-inner-md-2 v-inner-2 style-975 style-local-26-c7 position-relative\" data-colibri-id=\"26-c7\">\n<div class=\"w-100 h-y-container h-column__content h-column__v-align flex-basis-100 align-self-lg-start align-self-md-start align-self-start\">\n<div class=\"h-text h-text-component style-978 style-local-26-c8 position-relative h-element\" data-colibri-id=\"26-c8\">\n<p style=\"text-align: left;\" data-path-to-node=\"2\">La empresa surge de la s\u00f3lida trayectoria de sus socios fundadores, quienes aportan m\u00e1s de 75 a\u00f1os de experiencia acumulada como operadores log\u00edsticos en productos a granel y un conocimiento integral del transporte multimodal. Con sede en C\u00f3rdoba, Espa\u00f1a, la compa\u00f1\u00eda centra su actividad en la potenciaci\u00f3n del tejido ferroviario nacional, hito que consolid\u00f3 en 2015 con la puesta en marcha del eje Catalu\u00f1a-Andaluc\u00eda. Desde entonces, Multirail ha optimizado los flujos de mercanc\u00edas existentes y generado nuevas oportunidades de tr\u00e1fico, ofreciendo a los operadores intermodales un servicio definido por su fiabilidad y excelencia operativa.<\/p>\n<p style=\"text-align: left;\" data-path-to-node=\"3\">En 2025, Multirail alcanz\u00f3 una nueva etapa estrat\u00e9gica al integrarse plenamente en <b data-path-to-node=\"3\" data-index-in-node=\"83\">Van den Bosch<\/b>, compa\u00f1\u00eda que adquiri\u00f3 la totalidad de la firma con el objetivo de impulsar el transporte intermodal en Espa\u00f1a y estrechar sus v\u00ednculos con la red europea. Bajo esta nueva estructura, Multirail desempe\u00f1a un papel determinante en el fortalecimiento de los corredores ferroviarios, conectando el transporte por carretera y tren de una manera m\u00e1s inteligente y eficiente.<\/p>\n<p style=\"text-align: left;\" data-path-to-node=\"4\">Nuestra visi\u00f3n se orienta hacia un modelo de transporte sostenible y de alto rendimiento, trasladando a los cargadores ventajas competitivas clave: mayor capacidad de carga (<i data-path-to-node=\"4\" data-index-in-node=\"174\">payload<\/i>), optimizaci\u00f3n de costes y una reducci\u00f3n directa de la huella medioambiental. Al fomentar el uso del ferrocarril y colaborar con los grandes operadores europeos bajo un modelo de tarifa \u00fanica, no solo descongestionamos las infraestructuras viarias y mejoramos la seguridad vial, sino que consolidamos una log\u00edstica transfronteriza sin fisuras para el mercado global.<\/p>\n\n<div class=\"\"><\/div>\n<\/div>\n<\/div>\n<\/div>\n<\/div>\n<div class=\"h-column h-column-container d-flex h-col-lg-auto h-col-md-auto h-col-auto style-976-outer style-local-26-c9-outer\">\n<div class=\"d-flex h-flex-basis h-column__inner h-ui-empty-state-container h-px-lg-2 h-px-md-2 h-px-2 v-inner-lg-2 v-inner-md-2 v-inner-2 style-976 style-local-26-c9 position-relative\" data-colibri-id=\"26-c9\"><\/div>\n<\/div>\n<\/div>\n<\/div>\n<\/div>\n<\/div>\n<\/div>","protected":false},"excerpt":{"rendered":"<p>Multirail, S.L. La empresa surge de la s\u00f3lida trayectoria de sus socios fundadores, quienes aportan m\u00e1s de 75 a\u00f1os de experiencia acumulada como operadores log\u00edsticos en productos a granel y un conocimiento integral del transporte multimodal. Con sede en C\u00f3rdoba, Espa\u00f1a, la compa\u00f1\u00eda centra su actividad en la potenciaci\u00f3n del tejido ferroviario nacional, hito que [&hellip;]<\/p>\n","protected":false},"author":2,"featured_media":0,"parent":0,"menu_order":0,"comment_status":"closed","ping_status":"closed","template":"page-templates\/full-width-page.php","meta":{"footnotes":""},"class_list":["post-26","page","type-page","status-publish","hentry"],"_links":{"self":[{"href":"https:\/\/multirail.es\/en\/wp-json\/wp\/v2\/pages\/26","targetHints":{"allow":["GET"]}}],"collection":[{"href":"https:\/\/multirail.es\/en\/wp-json\/wp\/v2\/pages"}],"about":[{"href":"https:\/\/multirail.es\/en\/wp-json\/wp\/v2\/types\/page"}],"author":[{"embeddable":true,"href":"https:\/\/multirail.es\/en\/wp-json\/wp\/v2\/users\/2"}],"replies":[{"embeddable":true,"href":"https:\/\/multirail.es\/en\/wp-json\/wp\/v2\/comments?post=26"}],"version-history":[{"count":1,"href":"https:\/\/multirail.es\/en\/wp-json\/wp\/v2\/pages\/26\/revisions"}],"predecessor-version":[{"id":16418,"href":"https:\/\/multirail.es\/en\/wp-json\/wp\/v2\/pages\/26\/revisions\/16418"}],"wp:attachment":[{"href":"https:\/\/multirail.es\/en\/wp-json\/wp\/v2\/media?parent=26"}],"curies":[{"name":"wp","href":"https:\/\/api.w.org\/{rel}","templated":true}]}}