{"id":137,"date":"2020-10-20T09:41:40","date_gmt":"2020-10-20T09:41:40","guid":{"rendered":"http:\/\/nueva.multirail.es\/?page_id=137"},"modified":"2026-04-28T08:24:51","modified_gmt":"2026-04-28T08:24:51","slug":"terminales","status":"publish","type":"page","link":"https:\/\/multirail.es\/en\/terminales\/","title":{"rendered":"Terminals"},"content":{"rendered":"<div data-colibri-id=\"137-c1\" class=\"style-414 style-local-137-c1 position-relative\">\r\n  <!---->\r\n  <div data-colibri-component=\"section\" data-colibri-id=\"137-c2\" id=\"initial-content\" class=\"h-section h-section-global-spacing d-flex align-items-lg-center align-items-md-center align-items-center style-415 style-local-137-c2 position-relative\">\r\n    <!---->\r\n    <!---->\r\n    <div class=\"h-section-grid-container h-section-boxed-container\">\r\n      <div data-colibri-id=\"137-c18\" class=\"h-row-container gutters-row-lg-3 gutters-row-md-3 gutters-row-0 gutters-row-v-lg-3 gutters-row-v-md-3 gutters-row-v-3 style-662 style-local-137-c18 position-relative\">\r\n        <!---->\r\n        <div class=\"h-row justify-content-lg-center justify-content-md-center justify-content-center align-items-lg-stretch align-items-md-stretch align-items-stretch gutters-col-lg-3 gutters-col-md-3 gutters-col-0 gutters-col-v-lg-3 gutters-col-v-md-3 gutters-col-v-3\">\r\n          <!---->\r\n          <div class=\"h-column h-column-container d-flex h-col-lg-auto h-col-md-auto h-col-auto style-663-outer style-local-137-c19-outer\">\r\n            <div data-colibri-id=\"137-c19\" class=\"d-flex h-flex-basis h-column__inner h-px-lg-0 h-px-md-0 h-px-0 v-inner-lg-0 v-inner-md-0 v-inner-0 style-663 style-local-137-c19 position-relative\">\r\n              <!---->\r\n              <!---->\r\n              <div class=\"w-100 h-y-container h-column__content h-column__v-align flex-basis-100 align-self-lg-start align-self-md-start align-self-start\">\r\n                <!---->\r\n                <div data-colibri-id=\"137-c20\" class=\"h-global-transition-all h-heading style-664 style-local-137-c20 position-relative h-element\">\r\n                  <!---->\r\n                  <div class=\"h-heading__outer style-664 style-local-137-c20\">\r\n                    <!---->\r\n                    <!---->\r\n                    <h2 class=\"\">Estas son las terminales ferroviarias con las que trabajamos en Espa\u00f1a<\/h2>\r\n                  <\/div>\r\n                <\/div>\r\n              <\/div>\r\n            <\/div>\r\n          <\/div>\r\n        <\/div>\r\n      <\/div>\r\n      <div data-colibri-id=\"137-c3\" class=\"h-row-container gutters-row-lg-0 gutters-row-md-0 gutters-row-0 gutters-row-v-lg-0 gutters-row-v-md-0 gutters-row-v-0 style-416 style-local-137-c3 position-relative\">\r\n        <!---->\r\n        <div class=\"h-row justify-content-lg-center justify-content-md-center justify-content-center align-items-lg-stretch align-items-md-stretch align-items-stretch gutters-col-lg-0 gutters-col-md-0 gutters-col-0 gutters-col-v-lg-0 gutters-col-v-md-0 gutters-col-v-0\">\r\n          <!---->\r\n          <div class=\"h-column h-column-container d-flex h-col-lg-auto h-col-md-auto h-col-auto style-419-outer style-local-137-c4-outer\">\r\n            <div data-colibri-id=\"137-c4\" class=\"d-flex h-flex-basis h-column__inner h-px-lg-3 h-px-md-3 h-px-3 v-inner-lg-3 v-inner-md-3 v-inner-3 style-419 style-local-137-c4 position-relative\">\r\n              <!---->\r\n              <!---->\r\n              <div class=\"w-100 h-y-container h-column__content h-column__v-align flex-basis-100 align-self-lg-start align-self-md-start align-self-start\">\r\n                <!---->\r\n                <div data-colibri-id=\"137-c5\" class=\"d-block style-420 style-local-137-c5 position-relative h-element\">\r\n                  <!---->\r\n                  <div class=\"h-image__frame-container-outer\">\r\n                    <a href=\"https:\/\/www.intermodal-terminals.eu\/database\/terminal\/view\/id\/182\" target=\"_blank\" h-use-smooth-scroll=\"true\" class=\"image-link\">\r\n                      <div class=\"h-image__frame-container\">\r\n                        <!---->\r\n                        <!---->\r\n                        <img loading=\"lazy\" decoding=\"async\" width=\"898\" height=\"899\" src=\"http:\/\/nueva.multirail.es\/wp-content\/uploads\/2020\/10\/cropped-WhatsApp-Image-2020-10-23-at-11.17.52-1.jpeg\" class=\"wp-image-690 style-420-image style-local-137-c5-image\" alt=\"\" srcset=\"https:\/\/multirail.es\/wp-content\/uploads\/2020\/10\/cropped-WhatsApp-Image-2020-10-23-at-11.17.52-1.jpeg 898w, https:\/\/multirail.es\/wp-content\/uploads\/2020\/10\/cropped-WhatsApp-Image-2020-10-23-at-11.17.52-1-300x300.jpeg 300w, https:\/\/multirail.es\/wp-content\/uploads\/2020\/10\/cropped-WhatsApp-Image-2020-10-23-at-11.17.52-1-150x150.jpeg 150w, https:\/\/multirail.es\/wp-content\/uploads\/2020\/10\/cropped-WhatsApp-Image-2020-10-23-at-11.17.52-1-768x769.jpeg 768w\" sizes=\"auto, (max-width: 898px) 100vw, 898px\" \/>\r\n                        <div class=\"h-image__frame h-hide-lg h-hide-md h-hide-sm style-420-frameImage style-local-137-c5-frameImage\"><\/div>\r\n                      <\/div>\r\n                      <div class=\"style-420-caption style-local-137-c5-caption\">\r\n                        Terminal de La Llagosta (Barcelona)\r\n                      <\/div>\r\n                    <\/a>\r\n                  <\/div>\r\n                <\/div>\r\n              <\/div>\r\n            <\/div>\r\n          <\/div>\r\n          <div class=\"h-column h-column-container d-flex h-col-lg-auto h-col-md-auto h-col-auto style-429-outer style-local-137-c6-outer\">\r\n            <div data-colibri-id=\"137-c6\" class=\"d-flex h-flex-basis h-column__inner h-px-lg-3 h-px-md-3 h-px-3 v-inner-lg-3 v-inner-md-3 v-inner-3 style-429 style-local-137-c6 position-relative\">\r\n              <!---->\r\n              <!---->\r\n              <div class=\"w-100 h-y-container h-column__content h-column__v-align flex-basis-100 align-self-lg-start align-self-md-start align-self-start\">\r\n                <!---->\r\n                <div data-colibri-id=\"137-c7\" class=\"d-block style-430 style-local-137-c7 position-relative h-element\">\r\n                  <!---->\r\n                  <div class=\"h-image__frame-container-outer\">\r\n                    <a href=\"https:\/\/www.intermodal-terminals.eu\/database\/terminal\/view\/id\/419\" target=\"_blank\" h-use-smooth-scroll=\"true\" class=\"image-link\">\r\n                      <div class=\"h-image__frame-container\">\r\n                        <!---->\r\n                        <!---->\r\n                        <img loading=\"lazy\" decoding=\"async\" width=\"1708\" height=\"1364\" src=\"https:\/\/multirail.es\/wp-content\/uploads\/2026\/02\/cropped-la-boella-3-1.webp\" class=\"wp-image-12180 style-430-image style-local-137-c7-image\" alt=\"\" srcset=\"https:\/\/multirail.es\/wp-content\/uploads\/2026\/02\/cropped-la-boella-3-1.webp 1708w, https:\/\/multirail.es\/wp-content\/uploads\/2026\/02\/cropped-la-boella-3-1-300x240.webp 300w, https:\/\/multirail.es\/wp-content\/uploads\/2026\/02\/cropped-la-boella-3-1-1024x818.webp 1024w, https:\/\/multirail.es\/wp-content\/uploads\/2026\/02\/cropped-la-boella-3-1-768x613.webp 768w, https:\/\/multirail.es\/wp-content\/uploads\/2026\/02\/cropped-la-boella-3-1-1536x1227.webp 1536w, https:\/\/multirail.es\/wp-content\/uploads\/2026\/02\/cropped-la-boella-3-1-15x12.webp 15w\" sizes=\"auto, (max-width: 1708px) 100vw, 1708px\" \/>\r\n                        <div class=\"h-image__frame h-hide-lg h-hide-md h-hide-sm style-430-frameImage style-local-137-c7-frameImage\"><\/div>\r\n                      <\/div>\r\n                      <div class=\"style-430-caption style-local-137-c7-caption\">\r\n                        Terminal de la Boella (Tarragona)\r\n                      <\/div>\r\n                    <\/a>\r\n                  <\/div>\r\n                <\/div>\r\n              <\/div>\r\n            <\/div>\r\n          <\/div>\r\n          <div class=\"h-column h-column-container d-flex h-col-lg-auto h-col-md-auto h-col-auto style-421-outer style-local-137-c8-outer\">\r\n            <div data-colibri-id=\"137-c8\" class=\"d-flex h-flex-basis h-column__inner h-px-lg-3 h-px-md-3 h-px-3 v-inner-lg-3 v-inner-md-3 v-inner-3 style-421 style-local-137-c8 position-relative\">\r\n              <!---->\r\n              <!---->\r\n              <div class=\"w-100 h-y-container h-column__content h-column__v-align flex-basis-100 align-self-lg-start align-self-md-start align-self-start\">\r\n                <!---->\r\n                <div data-colibri-id=\"137-c9\" class=\"d-block style-422 style-local-137-c9 position-relative h-element\">\r\n                  <!---->\r\n                  <div class=\"h-image__frame-container-outer\">\r\n                    <a href=\"https:\/\/www.intermodal-terminals.eu\/database\/terminal\/view\/id\/183\" target=\"_blank\" h-use-smooth-scroll=\"true\" class=\"image-link\">\r\n                      <div class=\"h-image__frame-container\">\r\n                        <!---->\r\n                        <!---->\r\n                        <img loading=\"lazy\" decoding=\"async\" width=\"2557\" height=\"1920\" src=\"http:\/\/nueva.multirail.es\/wp-content\/uploads\/2020\/10\/cropped-cropped-IMG_20180109_133600-scaled-1.jpg\" class=\"wp-image-641 style-422-image style-local-137-c9-image\" alt=\"\" srcset=\"https:\/\/multirail.es\/wp-content\/uploads\/2020\/10\/cropped-cropped-IMG_20180109_133600-scaled-1.jpg 2557w, https:\/\/multirail.es\/wp-content\/uploads\/2020\/10\/cropped-cropped-IMG_20180109_133600-scaled-1-300x225.jpg 300w, https:\/\/multirail.es\/wp-content\/uploads\/2020\/10\/cropped-cropped-IMG_20180109_133600-scaled-1-1024x769.jpg 1024w, https:\/\/multirail.es\/wp-content\/uploads\/2020\/10\/cropped-cropped-IMG_20180109_133600-scaled-1-768x577.jpg 768w, https:\/\/multirail.es\/wp-content\/uploads\/2020\/10\/cropped-cropped-IMG_20180109_133600-scaled-1-1536x1153.jpg 1536w, https:\/\/multirail.es\/wp-content\/uploads\/2020\/10\/cropped-cropped-IMG_20180109_133600-scaled-1-2048x1538.jpg 2048w\" sizes=\"auto, (max-width: 2557px) 100vw, 2557px\" \/>\r\n                        <div class=\"h-image__frame h-hide-lg h-hide-md h-hide-sm style-422-frameImage style-local-137-c9-frameImage\"><\/div>\r\n                      <\/div>\r\n                      <div class=\"style-422-caption style-local-137-c9-caption\">\r\n                        The Higuer\u00f3n Terminal (C\u00f3rdoba)\r\n                      <\/div>\r\n                    <\/a>\r\n                  <\/div>\r\n                <\/div>\r\n              <\/div>\r\n            <\/div>\r\n          <\/div>\r\n          <div class=\"h-column h-column-container d-flex h-col-lg-auto h-col-md-auto h-col-auto style-424-outer style-local-137-c11-outer\">\r\n            <div data-colibri-id=\"137-c11\" class=\"d-flex h-flex-basis h-column__inner h-px-lg-3 h-px-md-3 h-px-3 v-inner-lg-3 v-inner-md-3 v-inner-3 style-424 style-local-137-c11 position-relative\">\r\n              <!---->\r\n              <!---->\r\n              <div class=\"w-100 h-y-container h-column__content h-column__v-align flex-basis-100 align-self-lg-start align-self-md-start align-self-start\">\r\n                <!---->\r\n                <div data-colibri-id=\"137-c12\" class=\"d-block style-428 style-local-137-c12 position-relative h-element\">\r\n                  <!---->\r\n                  <div class=\"h-image__frame-container-outer\">\r\n                    <a href=\"https:\/\/www.adif.es\/w\/instalaci%C3%B3n-log%C3%ADstica-sevilla-la-negrilla\" target=\"_blank\" h-use-smooth-scroll=\"true\" class=\"image-link\">\r\n                      <div class=\"h-image__frame-container\">\r\n                        <!---->\r\n                        <!---->\r\n                        <img loading=\"lazy\" decoding=\"async\" width=\"1041\" height=\"596\" src=\"https:\/\/multirail.es\/wp-content\/uploads\/2026\/02\/cropped-LA-NEGRILLA.webp\" class=\"wp-image-12154 style-428-image style-local-137-c12-image\" alt=\"\" srcset=\"https:\/\/multirail.es\/wp-content\/uploads\/2026\/02\/cropped-LA-NEGRILLA.webp 1041w, https:\/\/multirail.es\/wp-content\/uploads\/2026\/02\/cropped-LA-NEGRILLA-300x172.webp 300w, https:\/\/multirail.es\/wp-content\/uploads\/2026\/02\/cropped-LA-NEGRILLA-1024x586.webp 1024w, https:\/\/multirail.es\/wp-content\/uploads\/2026\/02\/cropped-LA-NEGRILLA-768x440.webp 768w, https:\/\/multirail.es\/wp-content\/uploads\/2026\/02\/cropped-LA-NEGRILLA-18x10.webp 18w\" sizes=\"auto, (max-width: 1041px) 100vw, 1041px\" \/>\r\n                        <div class=\"h-image__frame h-hide-lg h-hide-md h-hide-sm style-428-frameImage style-local-137-c12-frameImage\"><\/div>\r\n                      <\/div>\r\n                      <div class=\"style-428-caption style-local-137-c12-caption\">\r\n                        Terminal de La Negrilla (sevilla)\r\n                      <\/div>\r\n                    <\/a>\r\n                  <\/div>\r\n                <\/div>\r\n              <\/div>\r\n            <\/div>\r\n          <\/div>\r\n          <div class=\"h-column h-column-container d-flex h-col-lg-auto h-col-md-auto h-col-auto style-955-outer style-local-137-c13-outer\">\r\n            <div data-colibri-id=\"137-c13\" class=\"d-flex h-flex-basis h-column__inner h-px-lg-3 h-px-md-3 h-px-3 v-inner-lg-3 v-inner-md-3 v-inner-3 style-955 style-local-137-c13 position-relative\">\r\n              <!---->\r\n              <!---->\r\n              <div class=\"w-100 h-y-container h-column__content h-column__v-align flex-basis-100 align-self-lg-start align-self-md-start align-self-start\">\r\n                <!---->\r\n                <div data-colibri-id=\"137-c14\" class=\"d-block style-957 style-local-137-c14 position-relative h-element\">\r\n                  <!---->\r\n                  <div class=\"h-image__frame-container-outer\">\r\n                    <a href=\"https:\/\/www.adif.es\/ca-AD\/w\/instalaci%C3%B3n-log%C3%ADstica-valencia-fuente-san-luis?p_l_back_url=%2Fca-AD%2Fsearch%3Fq%3Dfuente%2Bsan%2Bluis\" h-use-smooth-scroll=\"true\" class=\"image-link\">\r\n                      <div class=\"h-image__frame-container\">\r\n                        <!---->\r\n                        <!---->\r\n                        <img loading=\"lazy\" decoding=\"async\" width=\"289\" height=\"289\" src=\"https:\/\/multirail.es\/wp-content\/uploads\/2023\/01\/cropped-valencia.jpg\" class=\"wp-image-2402 style-957-image style-local-137-c14-image\" alt=\"\" srcset=\"https:\/\/multirail.es\/wp-content\/uploads\/2023\/01\/cropped-valencia.jpg 289w, https:\/\/multirail.es\/wp-content\/uploads\/2023\/01\/cropped-valencia-150x150.jpg 150w, https:\/\/multirail.es\/wp-content\/uploads\/2023\/01\/cropped-valencia-12x12.jpg 12w\" sizes=\"auto, (max-width: 289px) 100vw, 289px\" \/>\r\n                        <div class=\"h-image__frame h-hide-lg h-hide-md h-hide-sm style-957-frameImage style-local-137-c14-frameImage\"><\/div>\r\n                      <\/div>\r\n                      <div class=\"style-957-caption style-local-137-c14-caption\">\r\n                        Terminal de Valencia fuente San Luis (Valencia)\r\n                      <\/div>\r\n                    <\/a>\r\n                  <\/div>\r\n                <\/div>\r\n              <\/div>\r\n            <\/div>\r\n          <\/div>\r\n        <\/div>\r\n      <\/div>\r\n      <div data-colibri-id=\"137-c15\" class=\"h-row-container gutters-row-lg-2 gutters-row-md-2 gutters-row-0 gutters-row-v-lg-2 gutters-row-v-md-2 gutters-row-v-2 style-959 style-local-137-c15 position-relative\">\r\n        <!---->\r\n        <div class=\"h-row justify-content-lg-center justify-content-md-center justify-content-center align-items-lg-stretch align-items-md-stretch align-items-stretch gutters-col-lg-2 gutters-col-md-2 gutters-col-0 gutters-col-v-lg-2 gutters-col-v-md-2 gutters-col-v-2\">\r\n          <!---->\r\n          <div class=\"h-column h-column-container d-flex h-col-lg-auto h-col-md-auto h-col-auto style-960-outer style-local-137-c16-outer\">\r\n            <div data-colibri-id=\"137-c16\" class=\"d-flex h-flex-basis h-column__inner h-px-lg-2 h-px-md-2 h-px-2 v-inner-lg-2 v-inner-md-2 v-inner-2 style-960 style-local-137-c16 position-relative\">\r\n              <!---->\r\n              <!---->\r\n              <div class=\"w-100 h-y-container h-column__content h-column__v-align flex-basis-100 align-self-lg-start align-self-md-start align-self-start\">\r\n                <!---->\r\n                <div data-colibri-id=\"137-c17\" class=\"d-block style-682 style-local-137-c17 position-relative h-element\">\r\n                  <!---->\r\n                  <div class=\"h-image__frame-container-outer\">\r\n                    <a href=\"https:\/\/www.google.com\/maps\/d\/u\/0\/edit?mid=16yofOHxwsm_lDgm2LIcRcaBjXYV7tMNc&amp;usp=sharing\" target=\"_blank\" h-use-smooth-scroll=\"true\" class=\"image-link\">\r\n                      <div class=\"h-image__frame-container\">\r\n                        <!---->\r\n                        <!---->\r\n                        <img decoding=\"async\" src=\"https:\/\/multirail.es\/wp-content\/uploads\/2023\/01\/cropped-mapa-terminales-1.jpg\" class=\"wp-image-2460 style-682-image style-local-137-c17-image\" alt=\"\" \/>\r\n                        <div class=\"h-image__frame h-hide-lg h-hide-md h-hide-sm style-682-frameImage style-local-137-c17-frameImage\"><\/div>\r\n                      <\/div>\r\n                      <div class=\"style-682-caption style-local-137-c17-caption\">\r\n                        Pinche sobre la imagen para ampliar la informacion\r\n                      <\/div>\r\n                    <\/a>\r\n                  <\/div>\r\n                <\/div>\r\n              <\/div>\r\n            <\/div>\r\n          <\/div>\r\n        <\/div>\r\n      <\/div>\r\n    <\/div>\r\n  <\/div>\r\n<\/div>","protected":false},"excerpt":{"rendered":"<p>Estas son las terminales ferroviarias con las que trabajamos en Espa\u00f1a Terminal de La Llagosta (Barcelona) Terminal de la Boella (Tarragona) Terminal de El Higuer\u00f3n (C\u00f3rdoba) Terminal de La Negrilla (sevilla) Terminal de Valencia fuente San Luis (Valencia) Pinche sobre la imagen para ampliar la informacion<\/p>","protected":false},"author":2,"featured_media":0,"parent":0,"menu_order":0,"comment_status":"closed","ping_status":"closed","template":"page-templates\/full-width-page.php","meta":{"footnotes":""},"class_list":["post-137","page","type-page","status-publish","hentry"],"_links":{"self":[{"href":"https:\/\/multirail.es\/en\/wp-json\/wp\/v2\/pages\/137","targetHints":{"allow":["GET"]}}],"collection":[{"href":"https:\/\/multirail.es\/en\/wp-json\/wp\/v2\/pages"}],"about":[{"href":"https:\/\/multirail.es\/en\/wp-json\/wp\/v2\/types\/page"}],"author":[{"embeddable":true,"href":"https:\/\/multirail.es\/en\/wp-json\/wp\/v2\/users\/2"}],"replies":[{"embeddable":true,"href":"https:\/\/multirail.es\/en\/wp-json\/wp\/v2\/comments?post=137"}],"version-history":[{"count":1,"href":"https:\/\/multirail.es\/en\/wp-json\/wp\/v2\/pages\/137\/revisions"}],"predecessor-version":[{"id":16408,"href":"https:\/\/multirail.es\/en\/wp-json\/wp\/v2\/pages\/137\/revisions\/16408"}],"wp:attachment":[{"href":"https:\/\/multirail.es\/en\/wp-json\/wp\/v2\/media?parent=137"}],"curies":[{"name":"wp","href":"https:\/\/api.w.org\/{rel}","templated":true}]}}