{"id":136,"date":"2020-10-20T09:41:40","date_gmt":"2020-10-20T09:41:40","guid":{"rendered":"http:\/\/nueva.multirail.es\/?page_id=136"},"modified":"2023-01-19T10:08:18","modified_gmt":"2023-01-19T10:08:18","slug":"internacional-3","status":"publish","type":"page","link":"https:\/\/multirail.es\/en\/internacional-3\/","title":{"rendered":"International"},"content":{"rendered":"<div data-colibri-id=\"136-c1\" class=\"style-456 style-local-136-c1 position-relative\">\n  <!---->\n  <div data-colibri-component=\"section\" data-colibri-id=\"136-c2\" id=\"features\" class=\"h-section h-section-global-spacing d-flex align-items-lg-center align-items-md-center align-items-center style-481 style-local-136-c2 position-relative\">\n    <!---->\n    <!---->\n    <div class=\"h-section-grid-container h-section-boxed-container\">\n      <div data-colibri-id=\"136-c35\" class=\"h-row-container gutters-row-lg-2 gutters-row-md-2 gutters-row-0 gutters-row-v-lg-2 gutters-row-v-md-2 gutters-row-v-2 style-491 style-local-136-c35 position-relative\">\n        <!---->\n        <div class=\"h-row justify-content-lg-center justify-content-md-center justify-content-center align-items-lg-stretch align-items-md-stretch align-items-stretch gutters-col-lg-2 gutters-col-md-2 gutters-col-0 gutters-col-v-lg-2 gutters-col-v-md-2 gutters-col-v-2\">\n          <!---->\n          <div class=\"h-column h-column-container d-flex h-col-lg-auto h-col-md-auto h-col-auto style-492-outer style-local-136-c36-outer\">\n            <div data-colibri-id=\"136-c36\" class=\"d-flex h-flex-basis h-column__inner h-px-lg-2 h-px-md-2 h-px-2 v-inner-lg-2 v-inner-md-2 v-inner-2 style-492 style-local-136-c36 position-relative\">\n              <!---->\n              <!---->\n              <div class=\"w-100 h-y-container h-column__content h-column__v-align flex-basis-100 align-self-lg-start align-self-md-start align-self-start\">\n                <!---->\n                <div data-colibri-id=\"136-c37\" class=\"h-global-transition-all h-heading style-493 style-local-136-c37 position-relative h-element\">\n                  <!---->\n                  <div class=\"h-heading__outer style-493 style-local-136-c37\">\n                    <!---->\n                    <!---->\n                    <h1 class=\"\">INTERNATIONAL TERMINALS<\/h1>\n                  <\/div>\n                <\/div>\n                <div data-colibri-id=\"136-c38\" class=\"h-lead h-text h-text-component style-494 style-local-136-c38 position-relative h-element\">\n                  <!---->\n                  <!---->\n                  <div class=\"\">\n                    <p>We work with the different European railway operators <\/p>\n                  <\/div>\n                <\/div>\n              <\/div>\n            <\/div>\n          <\/div>\n        <\/div>\n      <\/div>\n      <div data-colibri-id=\"136-c3\" class=\"h-row-container gutters-row-lg-2 gutters-row-md-2 gutters-row-0 gutters-row-v-lg-2 gutters-row-v-md-2 gutters-row-v-2 style-565 style-local-136-c3 position-relative\">\n        <!---->\n        <div class=\"h-row justify-content-lg-center justify-content-md-center justify-content-center align-items-lg-stretch align-items-md-stretch align-items-stretch gutters-col-lg-2 gutters-col-md-2 gutters-col-0 gutters-col-v-lg-2 gutters-col-v-md-2 gutters-col-v-2\">\n          <!---->\n          <div class=\"h-column h-column-container d-flex h-col-lg-auto h-col-md-auto h-col-auto style-566-outer style-local-136-c4-outer\">\n            <div data-colibri-id=\"136-c4\" class=\"d-flex h-flex-basis h-column__inner h-px-lg-2 h-px-md-2 h-px-2 v-inner-lg-2 v-inner-md-2 v-inner-2 style-566 style-local-136-c4 position-relative\">\n              <!---->\n              <!---->\n              <div class=\"w-100 h-y-container h-column__content h-column__v-align flex-basis-100 align-self-lg-start align-self-md-start align-self-start\">\n                <!---->\n                <div data-colibri-id=\"136-c5\" class=\"d-block style-564 style-local-136-c5 position-relative h-element\">\n                  <!---->\n                  <div class=\"h-image__frame-container-outer\">\n                    <a href=\"https:\/\/www.google.com\/maps\/d\/viewer?hl=es&amp;mid=1KTm2e0xxkKyBPVY3LSvM9rHoeMArf3w9&amp;ll=44.977720749738836%2C9.777496718749994&amp;z=5\" target=\"_blank\" h-use-smooth-scroll=\"true\" class=\"image-link\" rel=\"noopener\">\n                      <div class=\"h-image__frame-container\">\n                        <!---->\n                        <!---->\n                        <img loading=\"lazy\" decoding=\"async\" width=\"838\" height=\"643\" src=\"https:\/\/multirail.es\/wp-content\/uploads\/2022\/02\/internacional-completo.png\" class=\"wp-image-2015 style-564-image style-local-136-c5-image\" alt=\"\" srcset=\"https:\/\/multirail.es\/wp-content\/uploads\/2022\/02\/internacional-completo.png 838w, https:\/\/multirail.es\/wp-content\/uploads\/2022\/02\/internacional-completo-300x230.png 300w, https:\/\/multirail.es\/wp-content\/uploads\/2022\/02\/internacional-completo-768x589.png 768w\" sizes=\"auto, (max-width: 838px) 100vw, 838px\" \/>\n                        <div class=\"h-image__frame h-hide-lg h-hide-md h-hide-sm style-564-frameImage style-local-136-c5-frameImage\"><\/div>\n                      <\/div>\n                      <div class=\"style-564-caption style-local-136-c5-caption\">\n                        Pinche sobre la imagen\n                      <\/div>\n                    <\/a>\n                  <\/div>\n                <\/div>\n              <\/div>\n            <\/div>\n          <\/div>\n        <\/div>\n      <\/div>\n      <div data-colibri-id=\"136-c6\" class=\"h-row-container gutters-row-lg-2 gutters-row-md-2 gutters-row-2 gutters-row-v-lg-2 gutters-row-v-md-2 gutters-row-v-2 style-482 style-local-136-c6 position-relative\">\n        <!---->\n        <div class=\"h-row justify-content-lg-center justify-content-md-center justify-content-center align-items-lg-stretch align-items-md-stretch align-items-stretch gutters-col-lg-2 gutters-col-md-2 gutters-col-2 gutters-col-v-lg-2 gutters-col-v-md-2 gutters-col-v-2\">\n          <!---->\n          <div class=\"h-column h-column-container d-flex h-col-lg-2 h-col-md-6 h-col-12 style-483-outer style-local-136-c7-outer\">\n            <div data-colibri-id=\"136-c7\" class=\"d-flex h-flex-basis h-column__inner h-px-lg-0 h-px-md-0 h-px-0 v-inner-lg-0 v-inner-md-0 v-inner-0 style-483 style-local-136-c7 position-relative\">\n              <!---->\n              <!---->\n              <div class=\"w-100 h-y-container h-column__content h-column__v-align flex-basis-100 align-self-lg-start align-self-md-start align-self-start\">\n                <!---->\n                <div data-colibri-id=\"136-c8\" class=\"d-block style-484 style-local-136-c8 position-relative h-element\">\n                  <!---->\n                  <div class=\"h-image__frame-container-outer\">\n                    <div class=\"h-image__frame-container\">\n                      <!---->\n                      <!---->\n                      <img loading=\"lazy\" decoding=\"async\" width=\"1193\" height=\"551\" src=\"http:\/\/nueva.multirail.es\/wp-content\/uploads\/2020\/10\/cropped-cropped-cropped-combinant_21_0-1.jpg\" class=\"wp-image-941 style-484-image style-local-136-c8-image\" alt=\"\" srcset=\"https:\/\/multirail.es\/wp-content\/uploads\/2020\/10\/cropped-cropped-cropped-combinant_21_0-1.jpg 1193w, https:\/\/multirail.es\/wp-content\/uploads\/2020\/10\/cropped-cropped-cropped-combinant_21_0-1-300x139.jpg 300w, https:\/\/multirail.es\/wp-content\/uploads\/2020\/10\/cropped-cropped-cropped-combinant_21_0-1-1024x473.jpg 1024w, https:\/\/multirail.es\/wp-content\/uploads\/2020\/10\/cropped-cropped-cropped-combinant_21_0-1-768x355.jpg 768w\" sizes=\"auto, (max-width: 1193px) 100vw, 1193px\" \/>\n                      <div class=\"h-image__frame h-hide-lg h-hide-md h-hide-sm style-484-frameImage style-local-136-c8-frameImage\"><\/div>\n                    <\/div>\n                  <\/div>\n                <\/div>\n                <div data-colibri-id=\"136-c9\" class=\"h-row-container gutters-row-lg-0 gutters-row-md-0 gutters-row-2 gutters-row-v-lg-0 gutters-row-v-md-0 gutters-row-v-2 style-485 style-local-136-c9 position-relative\">\n                  <!---->\n                  <div class=\"h-row justify-content-lg-center justify-content-md-center justify-content-center align-items-lg-stretch align-items-md-stretch align-items-stretch gutters-col-lg-0 gutters-col-md-0 gutters-col-2 gutters-col-v-lg-0 gutters-col-v-md-0 gutters-col-v-2\">\n                    <!---->\n                    <div class=\"h-column h-column-container d-flex h-col-lg-auto h-col-md-auto h-col-auto style-486-outer style-local-136-c10-outer\">\n                      <div data-colibri-id=\"136-c10\" class=\"d-flex h-flex-basis h-column__inner h-px-lg-2 h-px-md-3 h-px-2 v-inner-lg-2 v-inner-md-3 v-inner-2 style-486 style-local-136-c10 position-relative\">\n                        <!---->\n                        <!---->\n                        <div class=\"w-100 h-y-container h-column__content h-column__v-align flex-basis-100 align-self-lg-start align-self-md-start align-self-start\">\n                          <!---->\n                          <div data-colibri-id=\"136-c11\" class=\"h-global-transition-all h-heading style-487 style-local-136-c11 position-relative h-element\">\n                            <!---->\n                            <div class=\"h-heading__outer style-487 style-local-136-c11\">\n                              <!---->\n                              <!---->\n                              <h4 class=\"\">AMBERES COMBINAT<\/h4>\n                            <\/div>\n                          <\/div>\n                        <\/div>\n                      <\/div>\n                    <\/div>\n                  <\/div>\n                <\/div>\n                <div data-colibri-id=\"136-c12\" class=\"h-x-container style-489 style-local-136-c12 position-relative h-element\">\n                  <!---->\n                  <div class=\"h-x-container-inner style-dynamic-136-c12-group style-489-spacing style-local-136-c12-spacing\"><span class=\"h-link__outer style-490-outer style-local-136-c13-outer d-inline-flex h-element\"><a h-use-smooth-scroll=\"true\" href=\"https:\/\/www.combinant.be\/\" target=\"_blank\" data-colibri-id=\"136-c13\" class=\"d-flex w-100 align-items-center h-link style-490 style-local-136-c13 position-relative\" rel=\"noopener\"><!----><!----> <span>Read more<\/span>                    <span class=\"h-svg-icon h-link__icon style-490-icon style-local-136-c13-icon\"><!--Icon by Icons8 Line Awesome (https:\/\/icons8.com\/line-awesome)--><svg version=\"1.1\" xmlns=\"http:\/\/www.w3.org\/2000\/svg\" xmlns:xlink=\"http:\/\/www.w3.org\/1999\/xlink\" id=\"angle-double-right\" viewbox=\"0 0 512 545.5\"><path d=\"M145.5 108.5l168 168L325 288l-11.5 11.5-168 168-22.5-23L279.5 288 123 131.5zm112 0l168 168L437 288l-11.5 11.5-168 168-22.5-23L391.5 288 235 131.5z\"><\/path><\/svg><\/span><\/a>\n                    <\/span>\n                  <\/div>\n                <\/div>\n              <\/div>\n            <\/div>\n          <\/div>\n          <div class=\"h-column h-column-container d-flex h-col-lg-2 h-col-md-6 h-col-12 style-483-outer style-local-136-c14-outer\">\n            <div data-colibri-id=\"136-c14\" class=\"d-flex h-flex-basis h-column__inner h-px-lg-0 h-px-md-0 h-px-0 v-inner-lg-0 v-inner-md-0 v-inner-0 style-483 style-local-136-c14 position-relative\">\n              <!---->\n              <!---->\n              <div class=\"w-100 h-y-container h-column__content h-column__v-align flex-basis-100 align-self-lg-start align-self-md-start align-self-start\">\n                <!---->\n                <div data-colibri-id=\"136-c15\" class=\"d-block style-484 style-local-136-c15 position-relative h-element\">\n                  <!---->\n                  <div class=\"h-image__frame-container-outer\">\n                    <div class=\"h-image__frame-container\">\n                      <!---->\n                      <!---->\n                      <img loading=\"lazy\" decoding=\"async\" width=\"2243\" height=\"1173\" src=\"http:\/\/nueva.multirail.es\/wp-content\/uploads\/2020\/10\/cropped-cropped-BUSTO-scaled-3.jpeg\" class=\"wp-image-939 style-484-image style-local-136-c15-image\" alt=\"\" srcset=\"https:\/\/multirail.es\/wp-content\/uploads\/2020\/10\/cropped-cropped-BUSTO-scaled-3.jpeg 2243w, https:\/\/multirail.es\/wp-content\/uploads\/2020\/10\/cropped-cropped-BUSTO-scaled-3-300x157.jpeg 300w, https:\/\/multirail.es\/wp-content\/uploads\/2020\/10\/cropped-cropped-BUSTO-scaled-3-1024x536.jpeg 1024w, https:\/\/multirail.es\/wp-content\/uploads\/2020\/10\/cropped-cropped-BUSTO-scaled-3-768x402.jpeg 768w, https:\/\/multirail.es\/wp-content\/uploads\/2020\/10\/cropped-cropped-BUSTO-scaled-3-1536x803.jpeg 1536w, https:\/\/multirail.es\/wp-content\/uploads\/2020\/10\/cropped-cropped-BUSTO-scaled-3-2048x1071.jpeg 2048w\" sizes=\"auto, (max-width: 2243px) 100vw, 2243px\" \/>\n                      <div class=\"h-image__frame h-hide-lg h-hide-md h-hide-sm style-484-frameImage style-local-136-c15-frameImage\"><\/div>\n                    <\/div>\n                  <\/div>\n                <\/div>\n                <div data-colibri-id=\"136-c16\" class=\"h-row-container gutters-row-lg-0 gutters-row-md-0 gutters-row-2 gutters-row-v-lg-0 gutters-row-v-md-0 gutters-row-v-2 style-485 style-local-136-c16 position-relative\">\n                  <!---->\n                  <div class=\"h-row justify-content-lg-center justify-content-md-center justify-content-center align-items-lg-stretch align-items-md-stretch align-items-stretch gutters-col-lg-0 gutters-col-md-0 gutters-col-2 gutters-col-v-lg-0 gutters-col-v-md-0 gutters-col-v-2\">\n                    <!---->\n                    <div class=\"h-column h-column-container d-flex h-col-lg-auto h-col-md-auto h-col-auto style-486-outer style-local-136-c17-outer\">\n                      <div data-colibri-id=\"136-c17\" class=\"d-flex h-flex-basis h-column__inner h-px-lg-2 h-px-md-3 h-px-2 v-inner-lg-2 v-inner-md-3 v-inner-2 style-486 style-local-136-c17 position-relative\">\n                        <!---->\n                        <!---->\n                        <div class=\"w-100 h-y-container h-column__content h-column__v-align flex-basis-100 align-self-lg-start align-self-md-start align-self-start\">\n                          <!---->\n                          <div data-colibri-id=\"136-c18\" class=\"h-global-transition-all h-heading style-487 style-local-136-c18 position-relative h-element\">\n                            <!---->\n                            <div class=\"h-heading__outer style-487 style-local-136-c18\">\n                              <!---->\n                              <!---->\n                              <h4 class=\"\">BUSTO ARSIZIO<\/h4>\n                            <\/div>\n                          <\/div>\n                        <\/div>\n                      <\/div>\n                    <\/div>\n                  <\/div>\n                <\/div>\n                <div data-colibri-id=\"136-c19\" class=\"h-x-container style-489 style-local-136-c19 position-relative h-element\">\n                  <!---->\n                  <div class=\"h-x-container-inner style-dynamic-136-c19-group style-489-spacing style-local-136-c19-spacing\"><span class=\"h-link__outer style-490-outer style-local-136-c20-outer d-inline-flex h-element\"><a h-use-smooth-scroll=\"true\" href=\"https:\/\/www.hupac.ch\/EN\/Terminal-Busto-Arsizio-Gallarate-582f9700\" target=\"_blank\" data-colibri-id=\"136-c20\" class=\"d-flex w-100 align-items-center h-link style-490 style-local-136-c20 position-relative\" rel=\"noopener\"><!----><!----> <span>Read more<\/span>                    <span class=\"h-svg-icon h-link__icon style-490-icon style-local-136-c20-icon\"><!--Icon by Icons8 Line Awesome (https:\/\/icons8.com\/line-awesome)--><svg version=\"1.1\" xmlns=\"http:\/\/www.w3.org\/2000\/svg\" xmlns:xlink=\"http:\/\/www.w3.org\/1999\/xlink\" id=\"angle-double-right\" viewbox=\"0 0 512 545.5\"><path d=\"M145.5 108.5l168 168L325 288l-11.5 11.5-168 168-22.5-23L279.5 288 123 131.5zm112 0l168 168L437 288l-11.5 11.5-168 168-22.5-23L391.5 288 235 131.5z\"><\/path><\/svg><\/span><\/a>\n                    <\/span>\n                  <\/div>\n                <\/div>\n              <\/div>\n            <\/div>\n          <\/div>\n          <div class=\"h-column h-column-container d-flex h-col-lg-2 h-col-md-6 h-col-12 style-483-outer style-local-136-c21-outer\">\n            <div data-colibri-id=\"136-c21\" class=\"d-flex h-flex-basis h-column__inner h-px-lg-0 h-px-md-0 h-px-0 v-inner-lg-0 v-inner-md-0 v-inner-0 style-483 style-local-136-c21 position-relative\">\n              <!---->\n              <!---->\n              <div class=\"w-100 h-y-container h-column__content h-column__v-align flex-basis-100 align-self-lg-start align-self-md-start align-self-start\">\n                <!---->\n                <div data-colibri-id=\"136-c22\" class=\"d-block style-484 style-local-136-c22 position-relative h-element\">\n                  <!---->\n                  <div class=\"h-image__frame-container-outer\">\n                    <div class=\"h-image__frame-container\">\n                      <!---->\n                      <!---->\n                      <img loading=\"lazy\" decoding=\"async\" width=\"318\" height=\"159\" src=\"http:\/\/nueva.multirail.es\/wp-content\/uploads\/2020\/10\/cropped-amberes-main-hub-2.jpg\" class=\"wp-image-897 style-484-image style-local-136-c22-image\" alt=\"\" srcset=\"https:\/\/multirail.es\/wp-content\/uploads\/2020\/10\/cropped-amberes-main-hub-2.jpg 318w, https:\/\/multirail.es\/wp-content\/uploads\/2020\/10\/cropped-amberes-main-hub-2-300x150.jpg 300w\" sizes=\"auto, (max-width: 318px) 100vw, 318px\" \/>\n                      <div class=\"h-image__frame h-hide-lg h-hide-md h-hide-sm style-484-frameImage style-local-136-c22-frameImage\"><\/div>\n                    <\/div>\n                  <\/div>\n                <\/div>\n                <div data-colibri-id=\"136-c23\" class=\"h-row-container gutters-row-lg-0 gutters-row-md-0 gutters-row-2 gutters-row-v-lg-0 gutters-row-v-md-0 gutters-row-v-2 style-485 style-local-136-c23 position-relative\">\n                  <!---->\n                  <div class=\"h-row justify-content-lg-center justify-content-md-center justify-content-center align-items-lg-stretch align-items-md-stretch align-items-stretch gutters-col-lg-0 gutters-col-md-0 gutters-col-2 gutters-col-v-lg-0 gutters-col-v-md-0 gutters-col-v-2\">\n                    <!---->\n                    <div class=\"h-column h-column-container d-flex h-col-lg-auto h-col-md-auto h-col-auto style-486-outer style-local-136-c24-outer\">\n                      <div data-colibri-id=\"136-c24\" class=\"d-flex h-flex-basis h-column__inner h-px-lg-2 h-px-md-3 h-px-2 v-inner-lg-2 v-inner-md-3 v-inner-2 style-486 style-local-136-c24 position-relative\">\n                        <!---->\n                        <!---->\n                        <div class=\"w-100 h-y-container h-column__content h-column__v-align flex-basis-100 align-self-lg-start align-self-md-start align-self-start\">\n                          <!---->\n                          <div data-colibri-id=\"136-c25\" class=\"h-global-transition-all h-heading style-487 style-local-136-c25 position-relative h-element\">\n                            <!---->\n                            <div class=\"h-heading__outer style-487 style-local-136-c25\">\n                              <!---->\n                              <!---->\n                              <h4 class=\"\">AMBERES MAIN HUB<\/h4>\n                            <\/div>\n                          <\/div>\n                        <\/div>\n                      <\/div>\n                    <\/div>\n                  <\/div>\n                <\/div>\n                <div data-colibri-id=\"136-c26\" class=\"h-x-container style-489 style-local-136-c26 position-relative h-element\">\n                  <!---->\n                  <div class=\"h-x-container-inner style-dynamic-136-c26-group style-489-spacing style-local-136-c26-spacing\"><span class=\"h-link__outer style-490-outer style-local-136-c27-outer d-inline-flex h-element\"><a h-use-smooth-scroll=\"true\" href=\"https:\/\/lineasintermodal.net\/en\/terminals\/lineas-intermodal-main-hub\" target=\"_blank\" data-colibri-id=\"136-c27\" class=\"d-flex w-100 align-items-center h-link style-490 style-local-136-c27 position-relative\" rel=\"noopener\"><!----><!----> <span>Read more<\/span>                    <span class=\"h-svg-icon h-link__icon style-490-icon style-local-136-c27-icon\"><!--Icon by Icons8 Line Awesome (https:\/\/icons8.com\/line-awesome)--><svg version=\"1.1\" xmlns=\"http:\/\/www.w3.org\/2000\/svg\" xmlns:xlink=\"http:\/\/www.w3.org\/1999\/xlink\" id=\"angle-double-right\" viewbox=\"0 0 512 545.5\"><path d=\"M145.5 108.5l168 168L325 288l-11.5 11.5-168 168-22.5-23L279.5 288 123 131.5zm112 0l168 168L437 288l-11.5 11.5-168 168-22.5-23L391.5 288 235 131.5z\"><\/path><\/svg><\/span><\/a>\n                    <\/span>\n                  <\/div>\n                <\/div>\n              <\/div>\n            <\/div>\n          <\/div>\n          <div class=\"h-column h-column-container d-flex h-col-lg-2 h-col-md-6 h-col-12 style-483-outer style-local-136-c28-outer\">\n            <div data-colibri-id=\"136-c28\" class=\"d-flex h-flex-basis h-column__inner h-px-lg-0 h-px-md-0 h-px-0 v-inner-lg-0 v-inner-md-0 v-inner-0 style-483 style-local-136-c28 position-relative\">\n              <!---->\n              <!---->\n              <div class=\"w-100 h-y-container h-column__content h-column__v-align flex-basis-100 align-self-lg-start align-self-md-start align-self-start\">\n                <!---->\n                <div data-colibri-id=\"136-c29\" class=\"d-block style-484 style-local-136-c29 position-relative h-element\">\n                  <!---->\n                  <div class=\"h-image__frame-container-outer\">\n                    <div class=\"h-image__frame-container\">\n                      <!---->\n                      <!---->\n                      <img decoding=\"async\" src=\"https:\/\/multirail.es\/wp-content\/uploads\/2020\/10\/cropped-lux-1-150x150.jpg\" class=\"style-484-image style-local-136-c29-image\">\n                      <div class=\"h-image__frame h-hide-lg h-hide-md h-hide-sm style-484-frameImage style-local-136-c29-frameImage\"><\/div>\n                    <\/div>\n                  <\/div>\n                <\/div>\n                <div data-colibri-id=\"136-c30\" class=\"h-row-container gutters-row-lg-0 gutters-row-md-0 gutters-row-2 gutters-row-v-lg-0 gutters-row-v-md-0 gutters-row-v-2 style-485 style-local-136-c30 position-relative\">\n                  <!---->\n                  <div class=\"h-row justify-content-lg-center justify-content-md-center justify-content-center align-items-lg-stretch align-items-md-stretch align-items-stretch gutters-col-lg-0 gutters-col-md-0 gutters-col-2 gutters-col-v-lg-0 gutters-col-v-md-0 gutters-col-v-2\">\n                    <!---->\n                    <div class=\"h-column h-column-container d-flex h-col-lg-auto h-col-md-auto h-col-auto style-486-outer style-local-136-c31-outer\">\n                      <div data-colibri-id=\"136-c31\" class=\"d-flex h-flex-basis h-column__inner h-px-lg-2 h-px-md-3 h-px-2 v-inner-lg-2 v-inner-md-3 v-inner-2 style-486 style-local-136-c31 position-relative\">\n                        <!---->\n                        <!---->\n                        <div class=\"w-100 h-y-container h-column__content h-column__v-align flex-basis-100 align-self-lg-start align-self-md-start align-self-start\">\n                          <!---->\n                          <div data-colibri-id=\"136-c32\" class=\"h-global-transition-all h-heading style-487 style-local-136-c32 position-relative h-element\">\n                            <!---->\n                            <div class=\"h-heading__outer style-487 style-local-136-c32\">\n                              <!---->\n                              <!---->\n                              <h4 class=\"\">BETEMBOURG EUROHUB<\/h4>\n                            <\/div>\n                          <\/div>\n                        <\/div>\n                      <\/div>\n                    <\/div>\n                  <\/div>\n                <\/div>\n                <div data-colibri-id=\"136-c33\" class=\"h-x-container style-489 style-local-136-c33 position-relative h-element\">\n                  <!---->\n                  <div class=\"h-x-container-inner style-dynamic-136-c33-group style-489-spacing style-local-136-c33-spacing\"><span class=\"h-link__outer style-490-outer style-local-136-c34-outer d-inline-flex h-element\"><a h-use-smooth-scroll=\"true\" href=\"https:\/\/www.combinant.be\/\" target=\"_blank\" data-colibri-id=\"136-c34\" class=\"d-flex w-100 align-items-center h-link style-490 style-local-136-c34 position-relative\" rel=\"noopener\"><!----><!----> <span>Read more<\/span>                    <span class=\"h-svg-icon h-link__icon style-490-icon style-local-136-c34-icon\"><!--Icon by Icons8 Line Awesome (https:\/\/icons8.com\/line-awesome)--><svg version=\"1.1\" xmlns=\"http:\/\/www.w3.org\/2000\/svg\" xmlns:xlink=\"http:\/\/www.w3.org\/1999\/xlink\" id=\"angle-double-right\" viewbox=\"0 0 512 545.5\"><path d=\"M145.5 108.5l168 168L325 288l-11.5 11.5-168 168-22.5-23L279.5 288 123 131.5zm112 0l168 168L437 288l-11.5 11.5-168 168-22.5-23L391.5 288 235 131.5z\"><\/path><\/svg><\/span><\/a>\n                    <\/span>\n                  <\/div>\n                <\/div>\n              <\/div>\n            <\/div>\n          <\/div>\n        <\/div>\n      <\/div>\n    <\/div>\n  <\/div>\n<\/div>","protected":false},"excerpt":{"rendered":"<p>TERMINALES INTERNACIONALES Trabajamos con los diferentes operadores ferroviarios europeos Pinche sobre la imagen AMBERES COMBINAT Leer m\u00e1s BUSTO ARSIZIO Leer m\u00e1s AMBERES MAIN HUB Leer m\u00e1s BETEMBOURG EUROHUB Leer m\u00e1s<\/p>","protected":false},"author":2,"featured_media":0,"parent":0,"menu_order":0,"comment_status":"closed","ping_status":"closed","template":"page-templates\/full-width-page.php","meta":{"footnotes":""},"class_list":["post-136","page","type-page","status-publish","hentry"],"_links":{"self":[{"href":"https:\/\/multirail.es\/en\/wp-json\/wp\/v2\/pages\/136","targetHints":{"allow":["GET"]}}],"collection":[{"href":"https:\/\/multirail.es\/en\/wp-json\/wp\/v2\/pages"}],"about":[{"href":"https:\/\/multirail.es\/en\/wp-json\/wp\/v2\/types\/page"}],"author":[{"embeddable":true,"href":"https:\/\/multirail.es\/en\/wp-json\/wp\/v2\/users\/2"}],"replies":[{"embeddable":true,"href":"https:\/\/multirail.es\/en\/wp-json\/wp\/v2\/comments?post=136"}],"version-history":[{"count":0,"href":"https:\/\/multirail.es\/en\/wp-json\/wp\/v2\/pages\/136\/revisions"}],"wp:attachment":[{"href":"https:\/\/multirail.es\/en\/wp-json\/wp\/v2\/media?parent=136"}],"curies":[{"name":"wp","href":"https:\/\/api.w.org\/{rel}","templated":true}]}}