{"id":1745,"date":"2020-12-03T08:57:42","date_gmt":"2020-12-03T08:57:42","guid":{"rendered":"http:\/\/nueva.multirail.es\/?page_id=1745"},"modified":"2026-02-03T07:36:31","modified_gmt":"2026-02-03T07:36:31","slug":"aviso-legal","status":"publish","type":"page","link":"http:\/\/multirail.es\/en\/aviso-legal\/","title":{"rendered":"LEGAL WARNING"},"content":{"rendered":"<div class=\"style-788 style-local-1745-c1 position-relative\" data-colibri-id=\"1745-c1\">\n<div id=\"about\" class=\"h-section h-section-global-spacing d-flex align-items-lg-center align-items-md-center align-items-center style-796 style-local-1745-c2 position-relative\" data-colibri-component=\"section\" data-colibri-id=\"1745-c2\">\n<div class=\"h-section-grid-container h-section-boxed-container\">\n<div class=\"h-row-container gutters-row-lg-2 gutters-row-md-2 gutters-row-2 gutters-row-v-lg-2 gutters-row-v-md-2 gutters-row-v-2 style-797 style-local-1745-c3 position-relative\" data-colibri-id=\"1745-c3\">\n<div class=\"h-row justify-content-lg-center justify-content-md-center justify-content-center align-items-lg-stretch align-items-md-stretch align-items-stretch gutters-col-lg-2 gutters-col-md-2 gutters-col-2 gutters-col-v-lg-2 gutters-col-v-md-2 gutters-col-v-2\">\n<div class=\"h-column h-column-container d-flex h-col-lg-auto h-col-md-auto h-col-auto style-804-outer style-local-1745-c4-outer\">\n<div class=\"d-flex h-flex-basis h-column__inner h-px-lg-2 h-px-md-2 h-px-2 v-inner-lg-2 v-inner-md-2 v-inner-2 style-804 style-local-1745-c4 position-relative\" data-colibri-id=\"1745-c4\">\n<div class=\"w-100 h-y-container h-column__content h-column__v-align flex-basis-100 align-self-lg-center align-self-md-center align-self-center\">\n<div class=\"h-text h-text-component style-810 style-local-1745-c5 position-relative h-element\" data-colibri-id=\"1745-c5\">\n<div class=\"\">\n\nGENERAL DATA\n\n<strong>In compliance with the duty of information contained in article 10 of Law 34\/2002, of July 11, on Services of the Information Society and Electronic Commerce, we make the following data available to you:<\/strong>\n\nLa empresa titular del dominio web es Multirail con domicilio en Avenida de Ronda de los tejares, n\u00ba 32, Acceso 1, 1\u00ba H CP\/ 14008 C\u00f3rdoba. con CIF B87185211. Inscrita en el Registro Mercantil de Madrid, Libro 0 de Sociedades, Secci\u00f3n\n8\u00aa, Folio 43, Hoja n\u00ba 59.647, Tomo 33.145. Correo electr\u00f3nico de contacto: administracion@multirail.es\n\nEn la web Multirail.es hay una serie de contenidos de car\u00e1cter informativo sobre la actividad de la Multirail.\n\n<strong>Its principal object\u00a0<\/strong>es facilitar a los clientes y al p\u00fablico en general, la informaci\u00f3n relativa a la empresa, a los productos y servicios que se ofrecen.\n\nPOL\u00cdTICA DE PRIVACIDAD\n\nEn MULTIRAIL., CIF B87185211, Dir. Postal: Avenida de Ronda de los tejares, n\u00ba 32, Acceso 1, 1\u00baH CP\/ 14008 C\u00f3rdoba., tratamos cualquier informaci\u00f3n que nos facilite con el fin de prestarles los servicios que ofrecemos. Los datos proporcionados\nse conservar\u00e1n mientras se mantenga la relaci\u00f3n comercial o durante los a\u00f1os necesarios para cumplir con las obligaciones legales. Los datos no se ceder\u00e1n a terceros salvo en los casos en que exista una obligaci\u00f3n legal. Usted tiene\nderecho a obtener confirmaci\u00f3n sobre si en MULTIRAIL, S.L.. estamos tratando sus datos personales, por tanto, tiene derecho a acceder a sus datos personales, rectificar los datos inexactos o solicitar su supresi\u00f3n cuando los datos\nya no sean necesarios a trav\u00e9s del correo electr\u00f3nico:\u00a0administracion@multirail.es\n\nCONDICIONES DE USO\n\n<strong>The conditions of access and use of this website are governed by current legislation and by the principle of good faith.<\/strong>\u00a0comprometi\u00e9ndose el usuario a realizar un buen uso de la web. No se permiten conductas que\nvayan contra la ley, los derechos o intereses de terceros.\n\nSer usuario de la web de Multirail.es implica que reconoce haber le\u00eddo y aceptado las presentes condiciones y lo que las extienda la normativa legal aplicable en esta materia. Si por el motivo que fuere no est\u00e1 de acuerdo con estas\ncondiciones no contin\u00fae usando esta web.\n\n<strong>Any type of notification and\/or claim will only be valid by written notification and\/or certified mail.<\/strong>\n\nRESPONSIBILITIES\n\n<strong>Multirail.es no se hace responsable de la informaci\u00f3n y contenidos almacenados en foros, redes sociales o cualquier otro medio<\/strong>\u00a0que permita a terceros publicar contenidos de forma independiente en la p\u00e1gina web\ndel prestador.\n\nSin embargo, teniendo en cuenta los art. 11 y 16 de la LSSI-CE, Multirail.es<strong>\u00a0undertakes to withdraw or, where appropriate, block those contents that could affect or contravene national or international legislation<\/strong>,\nderechos de terceros o la moral y el orden p\u00fablico.\n\n<strong>Nor will the company be held responsible for any damages caused by failures or misconfigurations of the software installed on the Internet user's computer.\u00a0<\/strong>Se excluye toda responsabilidad por alguna\nincidencia t\u00e9cnica o fallo que se produzca cuando el usuario se conecte a internet. Igualmente no se garantiza la inexistencia de interrupciones o errores en el acceso al sitio web.\n\nAs\u00ed mismo, Multirail.es<strong>\u00a0reserves the right to update, modify or delete the information contained on its website<\/strong>, as\u00ed como la configuraci\u00f3n o presentaci\u00f3n del mismo, en cualquier momento sin asumir alguna\nresponsabilidad por ello.\n\nLe comunicamos que cualquier precio que pueda ver en nuestra web ser\u00e1 solamente orientativo. Si el usuario desea saber con exactitud el precio o si el producto en el momento actual cuenta con alguna oferta de la cual se puede beneficiar\nha de contactar con nosotros en nuestro correo-e\u00a0administracion@multirail.es, o ll\u00e1manos al 607192684.\n\nPROPIEDAD INTELECTUAL E INDUSTRIAL\n\n<strong>Multirail.es is the owner of all the rights to the digital publication software as well as the industrial and intellectual property rights referring to the contents that are included.<\/strong>, a excepci\u00f3n de los\nderechos sobre productos y servicios de car\u00e1cter p\u00fablico que no son propiedad de esta empresa.\n\n<strong>No material published on this website may be reproduced, copied or published<\/strong>\u00a0without the written consent of Multirail.es.\n\n<strong>All information received on the web, such as comments, suggestions or ideas, will be considered assigned.<\/strong>\u00a0a Multirail.es de manera gratuita. No debe enviarse informaci\u00f3n que NO pueda ser tratada de este modo.\n\nTodos los productos y servicios de estas p\u00e1ginas que NO son propiedad de Multirail.es son marcas registradas de sus respectivos propietarios y son reconocidas como tales por nuestra empresa. Solamente aparecen en la web de Multirail.es\na efectos de promoci\u00f3n y de recopilaci\u00f3n de informaci\u00f3n. Estos propietarios pueden solicitar la modificaci\u00f3n o eliminaci\u00f3n de la informaci\u00f3n que les pertenece.\n\nLEY APLICABLE Y JURISDICCI\u00d3N\n\n<strong>These general conditions are governed by Spanish law.<\/strong>\u00a0Para cualquier litigio que pudiera surgir relacionado con el sitio web o la actividad que en \u00e9l se desarrolla ser\u00e1n competentes Juzgados\nde C\u00f3rdoba, renunciando expresamente el usuario a cualquier otro fuero que pudiera corresponderle.\n\nPOL\u00cdTICA DE COOKIES\n\n<strong>Multirail.es on its own account or that of a third party contracted to provide measurement services, may use cookies when the user browses the website. Cookies are files sent to the browser through a web service in order to record the user's activities during their browsing time.<\/strong>\n\nThe cookies used are only associated with an anonymous user and their computer, and do not themselves provide the user's personal data.\n\n<strong>Through the use of cookies, it is possible for the server where the website is located to recognize the web browser used by the user in order to make navigation easier.<\/strong>\u00a0Se utilizan\ntambi\u00e9n para medir la audiencia y par\u00e1metros del tr\u00e1fico, controlar el proceso y n\u00famero de entradas.\n\n<strong>The user has the possibility of configuring his browser to be notified of the reception of cookies and to prevent their installation on his computer.<\/strong>\u00a0Por favor consulte las instrucciones y manuales de su navegador\npara ampliar esta informaci\u00f3n.\n\nPara utilizar el sitio web no es necesario que el usuario permita la instalaci\u00f3n de las cookies enviadas al sitio web, o el tercero que act\u00fae en su nombre, sin perjuicio de que sea necesario que el usuario inicie una sesi\u00f3n tal en\ncada uno de los servicios cuya prestaci\u00f3n requiera el previo registro.\n\nEn todo caso<strong>\u00a0Cookies are temporary\u00a0<\/strong>con la \u00fanica finalidad de hacer m\u00e1s eficaz su transmisi\u00f3n ulterior. En ning\u00fan caso se utilizar\u00e1 cookies para recoger informaci\u00f3n de car\u00e1cter personal.\n\n<\/div>\n<\/div>\n<\/div>\n<\/div>\n<\/div>\n<\/div>\n<\/div>\n<\/div>\n<\/div>\n<\/div>","protected":false},"excerpt":{"rendered":"<p>DATOS GENERALES En cumplimiento con el deber de informaci\u00f3n recogido en art\u00edculo 10 de la Ley 34\/2002, de 11 de julio, de Servicios de la Sociedad de la Informaci\u00f3n y de Comercio Electr\u00f3nico ponemos a su disposici\u00f3n los siguientes datos: La empresa titular del dominio web es Multirail con domicilio en Avenida de Ronda de [&hellip;]<\/p>\n","protected":false},"author":2,"featured_media":0,"parent":0,"menu_order":0,"comment_status":"closed","ping_status":"closed","template":"page-templates\/full-width-page.php","meta":{"footnotes":""},"class_list":["post-1745","page","type-page","status-publish","hentry"],"_links":{"self":[{"href":"http:\/\/multirail.es\/en\/wp-json\/wp\/v2\/pages\/1745","targetHints":{"allow":["GET"]}}],"collection":[{"href":"http:\/\/multirail.es\/en\/wp-json\/wp\/v2\/pages"}],"about":[{"href":"http:\/\/multirail.es\/en\/wp-json\/wp\/v2\/types\/page"}],"author":[{"embeddable":true,"href":"http:\/\/multirail.es\/en\/wp-json\/wp\/v2\/users\/2"}],"replies":[{"embeddable":true,"href":"http:\/\/multirail.es\/en\/wp-json\/wp\/v2\/comments?post=1745"}],"version-history":[{"count":0,"href":"http:\/\/multirail.es\/en\/wp-json\/wp\/v2\/pages\/1745\/revisions"}],"wp:attachment":[{"href":"http:\/\/multirail.es\/en\/wp-json\/wp\/v2\/media?parent=1745"}],"curies":[{"name":"wp","href":"https:\/\/api.w.org\/{rel}","templated":true}]}}